{"id":1872,"date":"2023-06-28T09:34:06","date_gmt":"2023-06-28T09:34:06","guid":{"rendered":"https:\/\/meeek.me\/?page_id=1872"},"modified":"2026-05-05T01:48:14","modified_gmt":"2026-05-04T23:48:14","slug":"faq","status":"publish","type":"page","link":"https:\/\/linkscard.pro\/en\/faq\/","title":{"rendered":"faq"},"content":{"rendered":"<div data-elementor-type=\"wp-page\" data-elementor-id=\"1872\" class=\"elementor elementor-1872\" data-elementor-post-type=\"page\">\n\t\t\t\t\t\t<section class=\"elementor-section elementor-top-section elementor-element elementor-element-1efcab7 elementor-section-stretched elementor-section-boxed elementor-section-height-default elementor-section-height-default\" data-id=\"1efcab7\" data-element_type=\"section\" data-e-type=\"section\" data-settings=\"{&quot;stretch_section&quot;:&quot;section-stretched&quot;,&quot;background_background&quot;:&quot;classic&quot;}\">\n\t\t\t\t\t\t<div class=\"elementor-container elementor-column-gap-default\">\n\t\t\t\t\t<div class=\"elementor-column elementor-col-100 elementor-top-column elementor-element elementor-element-f614413\" data-id=\"f614413\" data-element_type=\"column\" data-e-type=\"column\">\n\t\t\t<div class=\"elementor-widget-wrap\">\n\t\t\t\t\t\t\t<\/div>\n\t\t<\/div>\n\t\t\t\t\t<\/div>\n\t\t<\/section>\n\t\t<div class=\"elementor-element elementor-element-c7cfe97 e-flex e-con-boxed e-con e-parent\" data-id=\"c7cfe97\" data-element_type=\"container\" data-e-type=\"container\" data-settings=\"{&quot;background_background&quot;:&quot;classic&quot;}\">\n\t\t\t\t\t<div class=\"e-con-inner\">\n\t\t<div class=\"elementor-element elementor-element-6f3469b e-con-full e-flex e-con e-child\" data-id=\"6f3469b\" data-element_type=\"container\" data-e-type=\"container\">\n\t\t\t\t<\/div>\n\t\t<div class=\"elementor-element elementor-element-953aa89 e-con-full e-flex e-con e-child\" data-id=\"953aa89\" data-element_type=\"container\" data-e-type=\"container\">\n\t\t\t\t<div class=\"elementor-element elementor-element-9d3a057 elementor-widget elementor-widget-mt-spacer\" data-id=\"9d3a057\" data-element_type=\"widget\" data-e-type=\"widget\" data-widget_type=\"mt-spacer.default\">\n\t\t\t\t<div class=\"elementor-widget-container\">\n\t\t\t\t\t    <div class=\"mt-addons-flexible-spacer\">\r\n      <div class=\"mt-addons-empty-spacer-desktop\" style=\"height: 50px;\"><\/div>\r\n      <div class=\"mt-addons-empty-spacer-mobile\" style=\"height: px;\"><\/div>\r\n      <div class=\"mt-addons-empty-spacer-tablet\" style=\"height: px;\"><\/div>\r\n    <\/div>\r\n   \r\n    \t\t\t\t<\/div>\n\t\t\t\t<\/div>\n\t\t\t\t<div class=\"elementor-element elementor-element-3b4d486 elementor-widget elementor-widget-title-subtitle\" data-id=\"3b4d486\" data-element_type=\"widget\" data-e-type=\"widget\" data-widget_type=\"title-subtitle.default\">\n\t\t\t\t<div class=\"elementor-widget-container\">\n\t\t\t\t\t    <div  class=\"mt-addons-title-subtile\">\r\n      \r\n      \r\n      \r\n                           \r\n      <h2 class=\"mt-addons-title-section text-center\" style=\"color:#231F20;font-weight:;font-size:px;\">Agente Virtual <span class=\"mt-underline-text curved\" style=\"color:#231F20;\"><\/span> <\/h2>\r\n\r\n                    \r\n          <\/div>\r\n\r\n    \t\t\t\t<\/div>\n\t\t\t\t<\/div>\n\t\t\t\t<div class=\"elementor-element elementor-element-e5ee569 elementor-widget elementor-widget-html\" data-id=\"e5ee569\" data-element_type=\"widget\" data-e-type=\"widget\" data-widget_type=\"html.default\">\n\t\t\t\t<div class=\"elementor-widget-container\">\n\t\t\t\t\t<script \n  src=\"https:\/\/beta.leadconnectorhq.com\/loader.js\"  \n  data-resources-url=\"https:\/\/beta.leadconnectorhq.com\/chat-widget\/loader.js\" \n data-widget-id=\"690f7635868bf25536a1ef17\"   > \n <\/script>\t\t\t\t<\/div>\n\t\t\t\t<\/div>\n\t\t\t\t<div class=\"elementor-element elementor-element-5c47369 elementor-widget elementor-widget-mt-spacer\" data-id=\"5c47369\" data-element_type=\"widget\" data-e-type=\"widget\" data-widget_type=\"mt-spacer.default\">\n\t\t\t\t<div class=\"elementor-widget-container\">\n\t\t\t\t\t    <div class=\"mt-addons-flexible-spacer\">\r\n      <div class=\"mt-addons-empty-spacer-desktop\" style=\"height: 20px;\"><\/div>\r\n      <div class=\"mt-addons-empty-spacer-mobile\" style=\"height: px;\"><\/div>\r\n      <div class=\"mt-addons-empty-spacer-tablet\" style=\"height: px;\"><\/div>\r\n    <\/div>\r\n   \r\n    \t\t\t\t<\/div>\n\t\t\t\t<\/div>\n\t\t\t\t<\/div>\n\t\t<div class=\"elementor-element elementor-element-bf0d759 e-con-full e-flex e-con e-child\" data-id=\"bf0d759\" data-element_type=\"container\" data-e-type=\"container\">\n\t\t\t\t<\/div>\n\t\t\t\t\t<\/div>\n\t\t\t\t<\/div>\n\t\t<div class=\"elementor-element elementor-element-55424df e-flex e-con-boxed e-con e-parent\" data-id=\"55424df\" data-element_type=\"container\" data-e-type=\"container\" data-settings=\"{&quot;background_background&quot;:&quot;classic&quot;}\">\n\t\t\t\t\t<div class=\"e-con-inner\">\n\t\t<div class=\"elementor-element elementor-element-97ae868 e-con-full e-flex e-con e-child\" data-id=\"97ae868\" data-element_type=\"container\" data-e-type=\"container\">\n\t\t\t\t<div class=\"elementor-element elementor-element-9f3064b elementor-hidden-tablet elementor-hidden-mobile elementor-widget elementor-widget-mt-absolute-element\" data-id=\"9f3064b\" data-element_type=\"widget\" data-e-type=\"widget\" data-widget_type=\"mt-absolute-element.default\">\n\t\t\t\t<div class=\"elementor-widget-container\">\n\t\t\t\t\t                                                                    \r\n                                    <img decoding=\"async\" class=\"mt-addons-absolute-element-absolute float\"  style=\"left:%;top:90px; \" src=\"https:\/\/linkscard.pro\/wp-content\/uploads\/2023\/06\/meeek-pattern-1.png\" alt=\"absolute element\" \/>\r\n                                          \t\t\t\t<\/div>\n\t\t\t\t<\/div>\n\t\t\t\t<\/div>\n\t\t<div class=\"elementor-element elementor-element-6005a4d e-con-full e-flex e-con e-child\" data-id=\"6005a4d\" data-element_type=\"container\" data-e-type=\"container\">\n\t\t\t\t<div class=\"elementor-element elementor-element-42a43d7 elementor-widget elementor-widget-mt-spacer\" data-id=\"42a43d7\" data-element_type=\"widget\" data-e-type=\"widget\" data-widget_type=\"mt-spacer.default\">\n\t\t\t\t<div class=\"elementor-widget-container\">\n\t\t\t\t\t    <div class=\"mt-addons-flexible-spacer\">\r\n      <div class=\"mt-addons-empty-spacer-desktop\" style=\"height: 50px;\"><\/div>\r\n      <div class=\"mt-addons-empty-spacer-mobile\" style=\"height: px;\"><\/div>\r\n      <div class=\"mt-addons-empty-spacer-tablet\" style=\"height: px;\"><\/div>\r\n    <\/div>\r\n   \r\n    \t\t\t\t<\/div>\n\t\t\t\t<\/div>\n\t\t\t\t<div class=\"elementor-element elementor-element-c014b5c elementor-widget elementor-widget-title-subtitle\" data-id=\"c014b5c\" data-element_type=\"widget\" data-e-type=\"widget\" data-widget_type=\"title-subtitle.default\">\n\t\t\t\t<div class=\"elementor-widget-container\">\n\t\t\t\t\t    <div  class=\"mt-addons-title-subtile\">\r\n      \r\n      \r\n      \r\n                           \r\n      <h2 class=\"mt-addons-title-section text-center\" style=\"color:#231F20;font-weight:;font-size:px;\">Preguntas Frecuentes <span class=\"mt-underline-text curved\" style=\"color:#231F20;\"><\/span> <\/h2>\r\n\r\n                    \r\n          <\/div>\r\n\r\n    \t\t\t\t<\/div>\n\t\t\t\t<\/div>\n\t\t\t\t<div class=\"elementor-element elementor-element-2ed5155 meeek-home-accordion elementor-widget elementor-widget-accordion\" data-id=\"2ed5155\" data-element_type=\"widget\" data-e-type=\"widget\" data-widget_type=\"accordion.default\">\n\t\t\t\t<div class=\"elementor-widget-container\">\n\t\t\t\t\t    <div class=\"mt-addons-accordion relative\">\r\n                            \r\n            <div class=\"mt-addons-accordion-holder mt-addons-border_bottom\" style =\"background:transparent;\">\r\n              <div class=\"mt-addons-accordion-header\" style=\"color:#231F20\">\r\n                \u00bfQu\u00e9 es un LinkCard con NFC?                <div class=\"mt-addons-accordion-arrow\">\r\n                  <i class=\"fa fa-angle-down\"><\/i>\r\n                <\/div>\r\n              <\/div>\r\n              <div class=\"mt-addons-accordion-content\">\r\n                <div class=\"mt-addons-accordion-item\">\r\n                  <p style=\"color:#231F20\">Es una tarjeta de visita f\u00edsica, tipo, con un peque\u00f1o circuito integrado y un receptor para la comunicaci\u00f3n inal\u00e1mbrica con dispositivos habilitados para NFC, como un smartphone o una tablet.\nNFC significa Comunicaci\u00f3n de Campo Cercano (Near Field Communication) y es la misma tecnolog\u00eda que impulsa los pagos sin contacto a trav\u00e9s de tu tarjeta de d\u00e9bito o cr\u00e9dito.<\/p>\r\n                <\/div>\r\n              <\/div>           \r\n            <\/div>\r\n                    \r\n            <div class=\"mt-addons-accordion-holder mt-addons-border_bottom\" style =\"background:transparent;\">\r\n              <div class=\"mt-addons-accordion-header\" style=\"color:#231F20\">\r\n                \u00bfNecesito yo o la persona con la que me re\u00fano una aplicaci\u00f3n para usar mi LinkCard?                <div class=\"mt-addons-accordion-arrow\">\r\n                  <i class=\"fa fa-angle-down\"><\/i>\r\n                <\/div>\r\n              <\/div>\r\n              <div class=\"mt-addons-accordion-content\">\r\n                <div class=\"mt-addons-accordion-item\">\r\n                  <p style=\"color:#231F20\">Compartir informaci\u00f3n es tan simple como un toque, sin necesidad de aplicaciones. Utilizamos la tecnolog\u00eda NFC incorporada en tu tel\u00e9fono, lo que hace que compartir tu informaci\u00f3n con tu LinkCard sea muy f\u00e1cil. Disfruta de la comodidad y la innovaci\u00f3n, todo en un solo toque.<\/p>\r\n                <\/div>\r\n              <\/div>           \r\n            <\/div>\r\n                    \r\n            <div class=\"mt-addons-accordion-holder mt-addons-border_bottom\" style =\"background:transparent;\">\r\n              <div class=\"mt-addons-accordion-header\" style=\"color:#231F20\">\r\n                \u00bfQu\u00e9 significa BioLink?                <div class=\"mt-addons-accordion-arrow\">\r\n                  <i class=\"fa fa-angle-down\"><\/i>\r\n                <\/div>\r\n              <\/div>\r\n              <div class=\"mt-addons-accordion-content\">\r\n                <div class=\"mt-addons-accordion-item\">\r\n                  <p style=\"color:#231F20\">Tu BioLink es tu perfil digital en donde \"viven\" tus enlaces. Este se puede personalizar con la informaci\u00f3n que tu quieras. A\u00f1ade tus datos de contacto, tu sitio web, un video de alguna de tus redes sociales... tu decide. <\/p>\r\n                <\/div>\r\n              <\/div>           \r\n            <\/div>\r\n                    \r\n            <div class=\"mt-addons-accordion-holder mt-addons-border_bottom\" style =\"background:transparent;\">\r\n              <div class=\"mt-addons-accordion-header\" style=\"color:#231F20\">\r\n                \u00bfQu\u00e9 son las tarjetas de visita digitales sin contacto?                <div class=\"mt-addons-accordion-arrow\">\r\n                  <i class=\"fa fa-angle-down\"><\/i>\r\n                <\/div>\r\n              <\/div>\r\n              <div class=\"mt-addons-accordion-content\">\r\n                <div class=\"mt-addons-accordion-item\">\r\n                  <p style=\"color:#231F20\">Las tarjetas de visita digitales son una alternativa innovadora y ecol\u00f3gica a las tradicionales tarjetas de papel. Permiten una f\u00e1cil conexi\u00f3n a trav\u00e9s de correo electr\u00f3nico, mensajes de texto, redes sociales, tecnolog\u00eda NFC o c\u00f3digos QR, y pueden personalizarse con contenido multimedia como im\u00e1genes, videos y otros enlaces. Las tarjetas de visita digitales mejoran la visibilidad en l\u00ednea, permiten la personalizaci\u00f3n con contenido multimedia y ofrecen una soluci\u00f3n rentable y ecol\u00f3gica para el networking y la creaci\u00f3n de conexiones en la era digital.<\/p>\r\n                <\/div>\r\n              <\/div>           \r\n            <\/div>\r\n                    \r\n            <div class=\"mt-addons-accordion-holder mt-addons-border_bottom\" style =\"background:transparent;\">\r\n              <div class=\"mt-addons-accordion-header\" style=\"color:#231F20\">\r\n                \u00bfPuedo actualizar la informaci\u00f3n cuando quiera?                <div class=\"mt-addons-accordion-arrow\">\r\n                  <i class=\"fa fa-angle-down\"><\/i>\r\n                <\/div>\r\n              <\/div>\r\n              <div class=\"mt-addons-accordion-content\">\r\n                <div class=\"mt-addons-accordion-item\">\r\n                  <p style=\"color:#231F20\">Claro, con tu cuenta de LinksCard puedes acceder a tu perfil digital y editar tus enlaces cuando quieras. <\/p>\r\n                <\/div>\r\n              <\/div>           \r\n            <\/div>\r\n                      <\/div>\r\n\r\n    \t\t\t\t<\/div>\n\t\t\t\t<\/div>\n\t\t\t\t<div class=\"elementor-element elementor-element-4f25a94 elementor-widget elementor-widget-mt-spacer\" data-id=\"4f25a94\" data-element_type=\"widget\" data-e-type=\"widget\" data-widget_type=\"mt-spacer.default\">\n\t\t\t\t<div class=\"elementor-widget-container\">\n\t\t\t\t\t    <div class=\"mt-addons-flexible-spacer\">\r\n      <div class=\"mt-addons-empty-spacer-desktop\" style=\"height: 100px;\"><\/div>\r\n      <div class=\"mt-addons-empty-spacer-mobile\" style=\"height: px;\"><\/div>\r\n      <div class=\"mt-addons-empty-spacer-tablet\" style=\"height: px;\"><\/div>\r\n    <\/div>\r\n   \r\n    \t\t\t\t<\/div>\n\t\t\t\t<\/div>\n\t\t\t\t<\/div>\n\t\t<div class=\"elementor-element elementor-element-81eaa7c e-con-full e-flex e-con e-child\" data-id=\"81eaa7c\" data-element_type=\"container\" data-e-type=\"container\">\n\t\t\t\t<\/div>\n\t\t\t\t\t<\/div>\n\t\t\t\t<\/div>\n\t\t\t\t<\/div>","protected":false},"excerpt":{"rendered":"<p>Agente Virtual Preguntas Frecuentes \u00bfQu\u00e9 es un LinkCard con NFC? Es una tarjeta de visita f\u00edsica, tipo, con un peque\u00f1o circuito integrado y un receptor para la comunicaci\u00f3n inal\u00e1mbrica con dispositivos habilitados para NFC, como un smartphone o una tablet. NFC significa Comunicaci\u00f3n de Campo Cercano (Near Field Communication) y es la misma tecnolog\u00eda que [&hellip;]<\/p>\n","protected":false},"author":1,"featured_media":0,"parent":0,"menu_order":0,"comment_status":"closed","ping_status":"closed","template":"","meta":{"inline_featured_image":false,"footnotes":""},"class_list":["post-1872","page","type-page","status-publish","hentry"],"yoast_head":"<!-- This site is optimized with the Yoast SEO plugin v27.6 - https:\/\/yoast.com\/product\/yoast-seo-wordpress\/ -->\n<title>faq - LinksCard.pro<\/title>\n<meta name=\"description\" content=\"Resuelve tus dudas sobre LinksCard: c\u00f3mo funciona la tecnolog\u00eda NFC, qu\u00e9 es un BioLink, c\u00f3mo personalizar tu tarjeta digital y mucho m\u00e1s. Todo lo que necesitas saber en un solo lugar.\" \/>\n<meta name=\"robots\" content=\"index, follow, max-snippet:-1, max-image-preview:large, max-video-preview:-1\" \/>\n<link rel=\"canonical\" href=\"https:\/\/linkscard.pro\/en\/faq\/\" \/>\n<meta property=\"og:locale\" content=\"en_GB\" \/>\n<meta property=\"og:type\" content=\"article\" \/>\n<meta property=\"og:title\" content=\"faq - LinksCard.pro\" \/>\n<meta property=\"og:description\" content=\"Resuelve tus dudas sobre LinksCard: c\u00f3mo funciona la tecnolog\u00eda NFC, qu\u00e9 es un BioLink, c\u00f3mo personalizar tu tarjeta digital y mucho m\u00e1s. Todo lo que necesitas saber en un solo lugar.\" \/>\n<meta property=\"og:url\" content=\"https:\/\/linkscard.pro\/en\/faq\/\" \/>\n<meta property=\"og:site_name\" content=\"LinksCard.pro\" \/>\n<meta property=\"article:publisher\" content=\"http:\/\/facebook.com\/linkscard.pro\" \/>\n<meta property=\"article:modified_time\" content=\"2026-05-04T23:48:14+00:00\" \/>\n<meta property=\"og:image\" content=\"https:\/\/linkscard.pro\/wp-content\/uploads\/2023\/06\/meeek-pattern-1.png\" \/>\n<meta name=\"twitter:card\" content=\"summary_large_image\" \/>\n<script type=\"application\/ld+json\" class=\"yoast-schema-graph\">{\"@context\":\"https:\\\/\\\/schema.org\",\"@graph\":[{\"@type\":\"WebPage\",\"@id\":\"https:\\\/\\\/linkscard.pro\\\/faq\\\/\",\"url\":\"https:\\\/\\\/linkscard.pro\\\/faq\\\/\",\"name\":\"faq - LinksCard.pro\",\"isPartOf\":{\"@id\":\"https:\\\/\\\/linkscard.pro\\\/#website\"},\"primaryImageOfPage\":{\"@id\":\"https:\\\/\\\/linkscard.pro\\\/faq\\\/#primaryimage\"},\"image\":{\"@id\":\"https:\\\/\\\/linkscard.pro\\\/faq\\\/#primaryimage\"},\"thumbnailUrl\":\"https:\\\/\\\/linkscard.pro\\\/wp-content\\\/uploads\\\/2023\\\/06\\\/meeek-pattern-1.png\",\"datePublished\":\"2023-06-28T09:34:06+00:00\",\"dateModified\":\"2026-05-04T23:48:14+00:00\",\"description\":\"Resuelve tus dudas sobre LinksCard: c\u00f3mo funciona la tecnolog\u00eda NFC, qu\u00e9 es un BioLink, c\u00f3mo personalizar tu tarjeta digital y mucho m\u00e1s. Todo lo que necesitas saber en un solo lugar.\",\"breadcrumb\":{\"@id\":\"https:\\\/\\\/linkscard.pro\\\/faq\\\/#breadcrumb\"},\"inLanguage\":\"en-GB\",\"potentialAction\":[{\"@type\":\"ReadAction\",\"target\":[\"https:\\\/\\\/linkscard.pro\\\/faq\\\/\"]}]},{\"@type\":\"ImageObject\",\"inLanguage\":\"en-GB\",\"@id\":\"https:\\\/\\\/linkscard.pro\\\/faq\\\/#primaryimage\",\"url\":\"https:\\\/\\\/linkscard.pro\\\/wp-content\\\/uploads\\\/2023\\\/06\\\/meeek-pattern-1.png\",\"contentUrl\":\"https:\\\/\\\/linkscard.pro\\\/wp-content\\\/uploads\\\/2023\\\/06\\\/meeek-pattern-1.png\"},{\"@type\":\"BreadcrumbList\",\"@id\":\"https:\\\/\\\/linkscard.pro\\\/faq\\\/#breadcrumb\",\"itemListElement\":[{\"@type\":\"ListItem\",\"position\":1,\"name\":\"Portada\",\"item\":\"https:\\\/\\\/linkscard.pro\\\/\"},{\"@type\":\"ListItem\",\"position\":2,\"name\":\"faq\"}]},{\"@type\":\"WebSite\",\"@id\":\"https:\\\/\\\/linkscard.pro\\\/#website\",\"url\":\"https:\\\/\\\/linkscard.pro\\\/\",\"name\":\"LinksCard.pro\",\"description\":\"Conecta y Crece F\u00e1cilmente\",\"publisher\":{\"@id\":\"https:\\\/\\\/linkscard.pro\\\/#organization\"},\"potentialAction\":[{\"@type\":\"SearchAction\",\"target\":{\"@type\":\"EntryPoint\",\"urlTemplate\":\"https:\\\/\\\/linkscard.pro\\\/?s={search_term_string}\"},\"query-input\":{\"@type\":\"PropertyValueSpecification\",\"valueRequired\":true,\"valueName\":\"search_term_string\"}}],\"inLanguage\":\"en-GB\"},{\"@type\":\"Organization\",\"@id\":\"https:\\\/\\\/linkscard.pro\\\/#organization\",\"name\":\"LinksCard\",\"url\":\"https:\\\/\\\/linkscard.pro\\\/\",\"logo\":{\"@type\":\"ImageObject\",\"inLanguage\":\"en-GB\",\"@id\":\"https:\\\/\\\/linkscard.pro\\\/#\\\/schema\\\/logo\\\/image\\\/\",\"url\":\"https:\\\/\\\/linkscard.pro\\\/wp-content\\\/uploads\\\/2024\\\/06\\\/LinksCard_Hor-Logo-WhtBG-1-e1718047002378.png\",\"contentUrl\":\"https:\\\/\\\/linkscard.pro\\\/wp-content\\\/uploads\\\/2024\\\/06\\\/LinksCard_Hor-Logo-WhtBG-1-e1718047002378.png\",\"width\":626,\"height\":176,\"caption\":\"LinksCard\"},\"image\":{\"@id\":\"https:\\\/\\\/linkscard.pro\\\/#\\\/schema\\\/logo\\\/image\\\/\"},\"sameAs\":[\"http:\\\/\\\/facebook.com\\\/linkscard.pro\",\"https:\\\/\\\/www.instagram.com\\\/linkscard.pro\\\/\",\"https:\\\/\\\/www.linkedin.com\\\/company\\\/linkscard\"]}]}<\/script>\n<!-- \/ Yoast SEO plugin. -->","yoast_head_json":{"title":"faq - LinksCard.pro","description":"Resuelve tus dudas sobre LinksCard: c\u00f3mo funciona la tecnolog\u00eda NFC, qu\u00e9 es un BioLink, c\u00f3mo personalizar tu tarjeta digital y mucho m\u00e1s. Todo lo que necesitas saber en un solo lugar.","robots":{"index":"index","follow":"follow","max-snippet":"max-snippet:-1","max-image-preview":"max-image-preview:large","max-video-preview":"max-video-preview:-1"},"canonical":"https:\/\/linkscard.pro\/en\/faq\/","og_locale":"en_GB","og_type":"article","og_title":"faq - LinksCard.pro","og_description":"Resuelve tus dudas sobre LinksCard: c\u00f3mo funciona la tecnolog\u00eda NFC, qu\u00e9 es un BioLink, c\u00f3mo personalizar tu tarjeta digital y mucho m\u00e1s. Todo lo que necesitas saber en un solo lugar.","og_url":"https:\/\/linkscard.pro\/en\/faq\/","og_site_name":"LinksCard.pro","article_publisher":"http:\/\/facebook.com\/linkscard.pro","article_modified_time":"2026-05-04T23:48:14+00:00","og_image":[{"url":"https:\/\/linkscard.pro\/wp-content\/uploads\/2023\/06\/meeek-pattern-1.png","type":"","width":"","height":""}],"twitter_card":"summary_large_image","schema":{"@context":"https:\/\/schema.org","@graph":[{"@type":"WebPage","@id":"https:\/\/linkscard.pro\/faq\/","url":"https:\/\/linkscard.pro\/faq\/","name":"faq - LinksCard.pro","isPartOf":{"@id":"https:\/\/linkscard.pro\/#website"},"primaryImageOfPage":{"@id":"https:\/\/linkscard.pro\/faq\/#primaryimage"},"image":{"@id":"https:\/\/linkscard.pro\/faq\/#primaryimage"},"thumbnailUrl":"https:\/\/linkscard.pro\/wp-content\/uploads\/2023\/06\/meeek-pattern-1.png","datePublished":"2023-06-28T09:34:06+00:00","dateModified":"2026-05-04T23:48:14+00:00","description":"Resuelve tus dudas sobre LinksCard: c\u00f3mo funciona la tecnolog\u00eda NFC, qu\u00e9 es un BioLink, c\u00f3mo personalizar tu tarjeta digital y mucho m\u00e1s. Todo lo que necesitas saber en un solo lugar.","breadcrumb":{"@id":"https:\/\/linkscard.pro\/faq\/#breadcrumb"},"inLanguage":"en-GB","potentialAction":[{"@type":"ReadAction","target":["https:\/\/linkscard.pro\/faq\/"]}]},{"@type":"ImageObject","inLanguage":"en-GB","@id":"https:\/\/linkscard.pro\/faq\/#primaryimage","url":"https:\/\/linkscard.pro\/wp-content\/uploads\/2023\/06\/meeek-pattern-1.png","contentUrl":"https:\/\/linkscard.pro\/wp-content\/uploads\/2023\/06\/meeek-pattern-1.png"},{"@type":"BreadcrumbList","@id":"https:\/\/linkscard.pro\/faq\/#breadcrumb","itemListElement":[{"@type":"ListItem","position":1,"name":"Portada","item":"https:\/\/linkscard.pro\/"},{"@type":"ListItem","position":2,"name":"faq"}]},{"@type":"WebSite","@id":"https:\/\/linkscard.pro\/#website","url":"https:\/\/linkscard.pro\/","name":"LinksCard.pro","description":"Conecta y Crece F\u00e1cilmente","publisher":{"@id":"https:\/\/linkscard.pro\/#organization"},"potentialAction":[{"@type":"SearchAction","target":{"@type":"EntryPoint","urlTemplate":"https:\/\/linkscard.pro\/?s={search_term_string}"},"query-input":{"@type":"PropertyValueSpecification","valueRequired":true,"valueName":"search_term_string"}}],"inLanguage":"en-GB"},{"@type":"Organization","@id":"https:\/\/linkscard.pro\/#organization","name":"LinksCard","url":"https:\/\/linkscard.pro\/","logo":{"@type":"ImageObject","inLanguage":"en-GB","@id":"https:\/\/linkscard.pro\/#\/schema\/logo\/image\/","url":"https:\/\/linkscard.pro\/wp-content\/uploads\/2024\/06\/LinksCard_Hor-Logo-WhtBG-1-e1718047002378.png","contentUrl":"https:\/\/linkscard.pro\/wp-content\/uploads\/2024\/06\/LinksCard_Hor-Logo-WhtBG-1-e1718047002378.png","width":626,"height":176,"caption":"LinksCard"},"image":{"@id":"https:\/\/linkscard.pro\/#\/schema\/logo\/image\/"},"sameAs":["http:\/\/facebook.com\/linkscard.pro","https:\/\/www.instagram.com\/linkscard.pro\/","https:\/\/www.linkedin.com\/company\/linkscard"]}]}},"_links":{"self":[{"href":"https:\/\/linkscard.pro\/en\/wp-json\/wp\/v2\/pages\/1872","targetHints":{"allow":["GET"]}}],"collection":[{"href":"https:\/\/linkscard.pro\/en\/wp-json\/wp\/v2\/pages"}],"about":[{"href":"https:\/\/linkscard.pro\/en\/wp-json\/wp\/v2\/types\/page"}],"author":[{"embeddable":true,"href":"https:\/\/linkscard.pro\/en\/wp-json\/wp\/v2\/users\/1"}],"replies":[{"embeddable":true,"href":"https:\/\/linkscard.pro\/en\/wp-json\/wp\/v2\/comments?post=1872"}],"version-history":[{"count":27,"href":"https:\/\/linkscard.pro\/en\/wp-json\/wp\/v2\/pages\/1872\/revisions"}],"predecessor-version":[{"id":10939,"href":"https:\/\/linkscard.pro\/en\/wp-json\/wp\/v2\/pages\/1872\/revisions\/10939"}],"wp:attachment":[{"href":"https:\/\/linkscard.pro\/en\/wp-json\/wp\/v2\/media?parent=1872"}],"curies":[{"name":"wp","href":"https:\/\/api.w.org\/{rel}","templated":true}]}}