{"id":4115,"date":"2024-10-02T22:47:34","date_gmt":"2024-10-02T20:47:34","guid":{"rendered":"https:\/\/linkscard.pro\/?page_id=4115"},"modified":"2024-10-02T23:02:47","modified_gmt":"2024-10-02T21:02:47","slug":"carta-el-buen-comer","status":"publish","type":"page","link":"https:\/\/linkscard.pro\/en\/carta-el-buen-comer\/","title":{"rendered":"Carta El Buen Comer"},"content":{"rendered":"\t\t<div data-elementor-type=\"wp-page\" data-elementor-id=\"4115\" class=\"elementor elementor-4115\" data-elementor-post-type=\"page\">\n\t\t\t\t<div class=\"elementor-element elementor-element-bb8b816 e-con-full e-flex e-con e-parent\" data-id=\"bb8b816\" data-element_type=\"container\" data-e-type=\"container\" data-settings=\"{&quot;background_background&quot;:&quot;classic&quot;}\">\n\t\t<div class=\"elementor-element elementor-element-c6b9c97 e-con-full e-flex e-con e-child\" data-id=\"c6b9c97\" data-element_type=\"container\" data-e-type=\"container\" data-settings=\"{&quot;sticky&quot;:&quot;top&quot;,&quot;sticky_parent&quot;:&quot;yes&quot;,&quot;sticky_on&quot;:[&quot;desktop&quot;,&quot;laptop&quot;,&quot;tablet_extra&quot;,&quot;tablet&quot;,&quot;mobile_extra&quot;,&quot;mobile&quot;],&quot;sticky_offset&quot;:0,&quot;sticky_effects_offset&quot;:0,&quot;sticky_anchor_link_offset&quot;:0}\">\n\t\t<div class=\"elementor-element elementor-element-72eca93 e-con-full e-flex e-con e-child\" data-id=\"72eca93\" data-element_type=\"container\" data-e-type=\"container\">\n\t\t\t\t<div class=\"elementor-element elementor-element-e0ffb2d elementor-widget elementor-widget-heading\" data-id=\"e0ffb2d\" data-element_type=\"widget\" data-e-type=\"widget\" data-widget_type=\"heading.default\">\n\t\t\t\t<div class=\"elementor-widget-container\">\n\t\t\t\t\t<h2 class=\"elementor-heading-title elementor-size-default\">El Buen Comer <\/h2>\t\t\t\t<\/div>\n\t\t\t\t<\/div>\n\t\t\t\t<\/div>\n\t\t\t\t<\/div>\n\t\t<div class=\"elementor-element elementor-element-74dcc89 e-con-full e-flex e-con e-child\" data-id=\"74dcc89\" data-element_type=\"container\" data-e-type=\"container\" data-settings=\"{&quot;background_background&quot;:&quot;classic&quot;,&quot;sticky&quot;:&quot;top&quot;,&quot;sticky_offset&quot;:120,&quot;sticky_parent&quot;:&quot;yes&quot;,&quot;sticky_on&quot;:[&quot;desktop&quot;,&quot;laptop&quot;,&quot;tablet_extra&quot;,&quot;tablet&quot;,&quot;mobile_extra&quot;,&quot;mobile&quot;],&quot;sticky_effects_offset&quot;:0,&quot;sticky_anchor_link_offset&quot;:0}\">\n\t\t<div class=\"elementor-element elementor-element-b70c88f e-con-full e-flex e-con e-child\" data-id=\"b70c88f\" data-element_type=\"container\" data-e-type=\"container\">\n\t\t\t\t<div class=\"elementor-element elementor-element-d87ea43 elementor-widget elementor-widget-heading\" data-id=\"d87ea43\" data-element_type=\"widget\" data-e-type=\"widget\" data-widget_type=\"heading.default\">\n\t\t\t\t<div class=\"elementor-widget-container\">\n\t\t\t\t\t<h2 class=\"elementor-heading-title elementor-size-default\">A\u00f1ade aqu\u00ed tu texto de cabecera<\/h2>\t\t\t\t<\/div>\n\t\t\t\t<\/div>\n\t\t\t\t<div class=\"elementor-element elementor-element-00c67ed elementor-widget elementor-widget-text-editor\" data-id=\"00c67ed\" data-element_type=\"widget\" data-e-type=\"widget\" data-widget_type=\"text-editor.default\">\n\t\t\t\t<div class=\"elementor-widget-container\">\n\t\t\t\t\t\t\t\t\t<p>Lorem ipsum dolor sit amet, consectetur adipiscing elit. Ut elit tellus, luctus nec ullamcorper mattis, pulvinar dapibus leo.<\/p>\t\t\t\t\t\t\t\t<\/div>\n\t\t\t\t<\/div>\n\t\t\t\t<\/div>\n\t\t<div class=\"elementor-element elementor-element-e296b47 e-con-full e-flex e-con e-child\" data-id=\"e296b47\" data-element_type=\"container\" data-e-type=\"container\">\n\t\t\t\t<div class=\"elementor-element elementor-element-aaad249 elementor-widget elementor-widget-price-list\" data-id=\"aaad249\" data-element_type=\"widget\" data-e-type=\"widget\" data-widget_type=\"price-list.default\">\n\t\t\t\t<div class=\"elementor-widget-container\">\n\t\t\t\t\t\n\t\t<ul class=\"elementor-price-list\">\n\n\t\t\t\t\t\t\t\t\t<li><a class=\"elementor-price-list-item\" href=\"#\">\t\t\t\t\n\t\t\t\t<div class=\"elementor-price-list-text\">\n\t\t\t\t\t\t\t\t\t<div class=\"elementor-price-list-header\">\n\t\t\t\t\t\t\t\t\t\t\t<span class=\"elementor-price-list-title\">\n\t\t\t\t\t\t\tPrimer art\u00edculo de la lista\t\t\t\t\t\t<\/span>\n\t\t\t\t\t\t\t\t\t\t\t\t\t\t\t\t\t\t<span class=\"elementor-price-list-separator\"><\/span>\n\t\t\t\t\t\t\t\t\t\t\t\t\t\t\t\t\t\t\t<span class=\"elementor-price-list-price\">$20<\/span>\n\t\t\t\t\t\t\t\t\t\t<\/div>\n\t\t\t\t\t\t\t\t\t\t\t\t\t\t\t<p class=\"elementor-price-list-description\">\n\t\t\t\t\t\t\tLorem fistrum por la gloria de mi madre esse jarl aliqua llevame al sircoo.\t\t\t\t\t\t<\/p>\n\t\t\t\t\t\t\t\t<\/div>\n\t\t\t\t<\/a><\/li>\t\t\t\t\t\t\t\t\t\t\t\t<li><a class=\"elementor-price-list-item\" href=\"#\">\t\t\t\t\n\t\t\t\t<div class=\"elementor-price-list-text\">\n\t\t\t\t\t\t\t\t\t<div class=\"elementor-price-list-header\">\n\t\t\t\t\t\t\t\t\t\t\t<span class=\"elementor-price-list-title\">\n\t\t\t\t\t\t\tSegundo art\u00edculo de la lista\t\t\t\t\t\t<\/span>\n\t\t\t\t\t\t\t\t\t\t\t\t\t\t\t\t\t\t<span class=\"elementor-price-list-separator\"><\/span>\n\t\t\t\t\t\t\t\t\t\t\t\t\t\t\t\t\t\t\t<span class=\"elementor-price-list-price\">$9<\/span>\n\t\t\t\t\t\t\t\t\t\t<\/div>\n\t\t\t\t\t\t\t\t\t\t\t\t\t\t\t<p class=\"elementor-price-list-description\">\n\t\t\t\t\t\t\tLorem fistrum por la gloria de mi madre esse jarl aliqua llevame al sircoo.\t\t\t\t\t\t<\/p>\n\t\t\t\t\t\t\t\t<\/div>\n\t\t\t\t<\/a><\/li>\t\t\t\t\t\t\t\t\t\t\t\t<li><a class=\"elementor-price-list-item\" href=\"#\">\t\t\t\t\n\t\t\t\t<div class=\"elementor-price-list-text\">\n\t\t\t\t\t\t\t\t\t<div class=\"elementor-price-list-header\">\n\t\t\t\t\t\t\t\t\t\t\t<span class=\"elementor-price-list-title\">\n\t\t\t\t\t\t\tTercer art\u00edculo de la lista\t\t\t\t\t\t<\/span>\n\t\t\t\t\t\t\t\t\t\t\t\t\t\t\t\t\t\t<span class=\"elementor-price-list-separator\"><\/span>\n\t\t\t\t\t\t\t\t\t\t\t\t\t\t\t\t\t\t\t<span class=\"elementor-price-list-price\">$32<\/span>\n\t\t\t\t\t\t\t\t\t\t<\/div>\n\t\t\t\t\t\t\t\t\t\t\t\t\t\t\t<p class=\"elementor-price-list-description\">\n\t\t\t\t\t\t\tLorem fistrum por la gloria de mi madre esse jarl aliqua llevame al sircoo.\t\t\t\t\t\t<\/p>\n\t\t\t\t\t\t\t\t<\/div>\n\t\t\t\t<\/a><\/li>\t\t\t\t\t\n\t\t<\/ul>\n\n\t\t\t\t\t\t<\/div>\n\t\t\t\t<\/div>\n\t\t\t\t<\/div>\n\t\t\t\t<\/div>\n\t\t<div class=\"elementor-element elementor-element-c796391 e-con-full e-flex e-con e-child\" data-id=\"c796391\" data-element_type=\"container\" data-e-type=\"container\" data-settings=\"{&quot;background_background&quot;:&quot;classic&quot;,&quot;sticky&quot;:&quot;top&quot;,&quot;sticky_offset&quot;:140,&quot;sticky_parent&quot;:&quot;yes&quot;,&quot;sticky_on&quot;:[&quot;desktop&quot;,&quot;laptop&quot;,&quot;tablet_extra&quot;,&quot;tablet&quot;,&quot;mobile_extra&quot;,&quot;mobile&quot;],&quot;sticky_effects_offset&quot;:0,&quot;sticky_anchor_link_offset&quot;:0}\">\n\t\t<div class=\"elementor-element elementor-element-44b746f e-con-full e-flex e-con e-child\" data-id=\"44b746f\" data-element_type=\"container\" data-e-type=\"container\">\n\t\t\t\t<div class=\"elementor-element elementor-element-b0d3c8b elementor-widget elementor-widget-heading\" data-id=\"b0d3c8b\" data-element_type=\"widget\" data-e-type=\"widget\" data-widget_type=\"heading.default\">\n\t\t\t\t<div class=\"elementor-widget-container\">\n\t\t\t\t\t<h2 class=\"elementor-heading-title elementor-size-default\">A\u00f1ade aqu\u00ed tu texto de cabecera<\/h2>\t\t\t\t<\/div>\n\t\t\t\t<\/div>\n\t\t\t\t<div class=\"elementor-element elementor-element-9d793ad elementor-widget elementor-widget-text-editor\" data-id=\"9d793ad\" data-element_type=\"widget\" data-e-type=\"widget\" data-widget_type=\"text-editor.default\">\n\t\t\t\t<div class=\"elementor-widget-container\">\n\t\t\t\t\t\t\t\t\t<p>Lorem ipsum dolor sit amet, consectetur adipiscing elit. Ut elit tellus, luctus nec ullamcorper mattis, pulvinar dapibus leo.<\/p>\t\t\t\t\t\t\t\t<\/div>\n\t\t\t\t<\/div>\n\t\t\t\t<div class=\"elementor-element elementor-element-1581a87 elementor-widget elementor-widget-price-list\" data-id=\"1581a87\" data-element_type=\"widget\" data-e-type=\"widget\" data-widget_type=\"price-list.default\">\n\t\t\t\t<div class=\"elementor-widget-container\">\n\t\t\t\t\t\n\t\t<ul class=\"elementor-price-list\">\n\n\t\t\t\t\t\t\t\t\t<li><a class=\"elementor-price-list-item\" href=\"#\">\t\t\t\t\n\t\t\t\t<div class=\"elementor-price-list-text\">\n\t\t\t\t\t\t\t\t\t<div class=\"elementor-price-list-header\">\n\t\t\t\t\t\t\t\t\t\t\t<span class=\"elementor-price-list-title\">\n\t\t\t\t\t\t\tPrimer art\u00edculo de la lista\t\t\t\t\t\t<\/span>\n\t\t\t\t\t\t\t\t\t\t\t\t\t\t\t\t\t\t<span class=\"elementor-price-list-separator\"><\/span>\n\t\t\t\t\t\t\t\t\t\t\t\t\t\t\t\t\t\t\t<span class=\"elementor-price-list-price\">$20<\/span>\n\t\t\t\t\t\t\t\t\t\t<\/div>\n\t\t\t\t\t\t\t\t\t\t\t\t\t\t\t<p class=\"elementor-price-list-description\">\n\t\t\t\t\t\t\tLorem fistrum por la gloria de mi madre esse jarl aliqua llevame al sircoo.\t\t\t\t\t\t<\/p>\n\t\t\t\t\t\t\t\t<\/div>\n\t\t\t\t<\/a><\/li>\t\t\t\t\t\t\t\t\t\t\t\t<li><a class=\"elementor-price-list-item\" href=\"#\">\t\t\t\t\n\t\t\t\t<div class=\"elementor-price-list-text\">\n\t\t\t\t\t\t\t\t\t<div class=\"elementor-price-list-header\">\n\t\t\t\t\t\t\t\t\t\t\t<span class=\"elementor-price-list-title\">\n\t\t\t\t\t\t\tSegundo art\u00edculo de la lista\t\t\t\t\t\t<\/span>\n\t\t\t\t\t\t\t\t\t\t\t\t\t\t\t\t\t\t<span class=\"elementor-price-list-separator\"><\/span>\n\t\t\t\t\t\t\t\t\t\t\t\t\t\t\t\t\t\t\t<span class=\"elementor-price-list-price\">$9<\/span>\n\t\t\t\t\t\t\t\t\t\t<\/div>\n\t\t\t\t\t\t\t\t\t\t\t\t\t\t\t<p class=\"elementor-price-list-description\">\n\t\t\t\t\t\t\tLorem fistrum por la gloria de mi madre esse jarl aliqua llevame al sircoo.\t\t\t\t\t\t<\/p>\n\t\t\t\t\t\t\t\t<\/div>\n\t\t\t\t<\/a><\/li>\t\t\t\t\t\t\t\t\t\t\t\t<li><a class=\"elementor-price-list-item\" href=\"#\">\t\t\t\t\n\t\t\t\t<div class=\"elementor-price-list-text\">\n\t\t\t\t\t\t\t\t\t<div class=\"elementor-price-list-header\">\n\t\t\t\t\t\t\t\t\t\t\t<span class=\"elementor-price-list-title\">\n\t\t\t\t\t\t\tTercer art\u00edculo de la lista\t\t\t\t\t\t<\/span>\n\t\t\t\t\t\t\t\t\t\t\t\t\t\t\t\t\t\t<span class=\"elementor-price-list-separator\"><\/span>\n\t\t\t\t\t\t\t\t\t\t\t\t\t\t\t\t\t\t\t<span class=\"elementor-price-list-price\">$32<\/span>\n\t\t\t\t\t\t\t\t\t\t<\/div>\n\t\t\t\t\t\t\t\t\t\t\t\t\t\t\t<p class=\"elementor-price-list-description\">\n\t\t\t\t\t\t\tLorem fistrum por la gloria de mi madre esse jarl aliqua llevame al sircoo.\t\t\t\t\t\t<\/p>\n\t\t\t\t\t\t\t\t<\/div>\n\t\t\t\t<\/a><\/li>\t\t\t\t\t\n\t\t<\/ul>\n\n\t\t\t\t\t\t<\/div>\n\t\t\t\t<\/div>\n\t\t\t\t<\/div>\n\t\t\t\t<\/div>\n\t\t<div class=\"elementor-element elementor-element-3b7d976 e-con-full e-flex e-con e-child\" data-id=\"3b7d976\" data-element_type=\"container\" data-e-type=\"container\" data-settings=\"{&quot;background_background&quot;:&quot;classic&quot;,&quot;sticky&quot;:&quot;top&quot;,&quot;sticky_offset&quot;:160,&quot;sticky_parent&quot;:&quot;yes&quot;,&quot;sticky_on&quot;:[&quot;desktop&quot;,&quot;laptop&quot;,&quot;tablet_extra&quot;,&quot;tablet&quot;,&quot;mobile_extra&quot;,&quot;mobile&quot;],&quot;sticky_effects_offset&quot;:0,&quot;sticky_anchor_link_offset&quot;:0}\">\n\t\t<div class=\"elementor-element elementor-element-30710e3 e-con-full e-flex e-con e-child\" data-id=\"30710e3\" data-element_type=\"container\" data-e-type=\"container\">\n\t\t\t\t<div class=\"elementor-element elementor-element-7bd02ee elementor-widget elementor-widget-heading\" data-id=\"7bd02ee\" data-element_type=\"widget\" data-e-type=\"widget\" data-widget_type=\"heading.default\">\n\t\t\t\t<div class=\"elementor-widget-container\">\n\t\t\t\t\t<h2 class=\"elementor-heading-title elementor-size-default\">A\u00f1ade aqu\u00ed tu texto de cabecera<\/h2>\t\t\t\t<\/div>\n\t\t\t\t<\/div>\n\t\t\t\t<div class=\"elementor-element elementor-element-43de501 elementor-widget elementor-widget-text-editor\" data-id=\"43de501\" data-element_type=\"widget\" data-e-type=\"widget\" data-widget_type=\"text-editor.default\">\n\t\t\t\t<div class=\"elementor-widget-container\">\n\t\t\t\t\t\t\t\t\t<p>Lorem ipsum dolor sit amet, consectetur adipiscing elit. Ut elit tellus, luctus nec ullamcorper mattis, pulvinar dapibus leo.<\/p>\t\t\t\t\t\t\t\t<\/div>\n\t\t\t\t<\/div>\n\t\t\t\t<\/div>\n\t\t<div class=\"elementor-element elementor-element-038c767 e-con-full e-flex e-con e-child\" data-id=\"038c767\" data-element_type=\"container\" data-e-type=\"container\" data-settings=\"{&quot;background_background&quot;:&quot;classic&quot;}\">\n\t\t\t\t<div class=\"elementor-element elementor-element-0aaf1a9 elementor-widget elementor-widget-image\" data-id=\"0aaf1a9\" data-element_type=\"widget\" data-e-type=\"widget\" data-widget_type=\"image.default\">\n\t\t\t\t<div class=\"elementor-widget-container\">\n\t\t\t\t\t\t\t\t\t\t\t\t\t\t\t<img fetchpriority=\"high\" decoding=\"async\" width=\"843\" height=\"561\" src=\"https:\/\/linkscard.pro\/wp-content\/uploads\/2024\/09\/PHOTO-2023-01-24-10-07-37-1024x682.jpg\" class=\"attachment-large size-large wp-image-3803\" alt=\"\" srcset=\"https:\/\/linkscard.pro\/wp-content\/uploads\/2024\/09\/PHOTO-2023-01-24-10-07-37-1024x682.jpg 1024w, https:\/\/linkscard.pro\/wp-content\/uploads\/2024\/09\/PHOTO-2023-01-24-10-07-37-300x200.jpg 300w, https:\/\/linkscard.pro\/wp-content\/uploads\/2024\/09\/PHOTO-2023-01-24-10-07-37-768x512.jpg 768w, https:\/\/linkscard.pro\/wp-content\/uploads\/2024\/09\/PHOTO-2023-01-24-10-07-37-1536x1023.jpg 1536w, https:\/\/linkscard.pro\/wp-content\/uploads\/2024\/09\/PHOTO-2023-01-24-10-07-37-600x400.jpg 600w, https:\/\/linkscard.pro\/wp-content\/uploads\/2024\/09\/PHOTO-2023-01-24-10-07-37.jpg 1600w\" sizes=\"(max-width: 843px) 100vw, 843px\" \/>\t\t\t\t\t\t\t\t\t\t\t\t\t\t\t<\/div>\n\t\t\t\t<\/div>\n\t\t\t\t<\/div>\n\t\t\t\t<\/div>\n\t\t\t\t<\/div>\n\t\t<div class=\"elementor-element elementor-element-0960616 e-flex e-con-boxed e-con e-parent\" data-id=\"0960616\" data-element_type=\"container\" data-e-type=\"container\" data-settings=\"{&quot;background_background&quot;:&quot;classic&quot;}\">\n\t\t\t\t\t<div class=\"e-con-inner\">\n\t\t\t\t\t<\/div>\n\t\t\t\t<\/div>\n\t\t\t\t<\/div>\n\t\t","protected":false},"excerpt":{"rendered":"<p>El Buen Comer A\u00f1ade aqu\u00ed tu texto de cabecera Lorem fistrum por la gloria de mi madre esse jarl aliqua llevame al sircoo. De la pradera ullamco qu\u00e9 dise usteer est\u00e1 la cosa muy malar. Primer art\u00edculo de la lista $20 Lorem fistrum por la gloria de mi madre esse jarl aliqua llevame al sircoo. [&hellip;]<\/p>\n","protected":false},"author":1,"featured_media":0,"parent":0,"menu_order":0,"comment_status":"closed","ping_status":"closed","template":"elementor_canvas","meta":{"inline_featured_image":false,"footnotes":""},"class_list":["post-4115","page","type-page","status-publish","hentry"],"yoast_head":"<!-- This site is optimized with the Yoast SEO plugin v27.5 - https:\/\/yoast.com\/product\/yoast-seo-wordpress\/ -->\n<title>Carta El Buen Comer - LinksCard.pro<\/title>\n<meta name=\"robots\" content=\"index, follow, max-snippet:-1, max-image-preview:large, max-video-preview:-1\" \/>\n<link rel=\"canonical\" href=\"https:\/\/linkscard.pro\/en\/carta-el-buen-comer\/\" \/>\n<meta property=\"og:locale\" content=\"en_GB\" \/>\n<meta property=\"og:type\" content=\"article\" \/>\n<meta property=\"og:title\" content=\"Carta El Buen Comer - LinksCard.pro\" \/>\n<meta property=\"og:description\" content=\"El Buen Comer A\u00f1ade aqu\u00ed tu texto de cabecera Lorem fistrum por la gloria de mi madre esse jarl aliqua llevame al sircoo. De la pradera ullamco qu\u00e9 dise usteer est\u00e1 la cosa muy malar. Primer art\u00edculo de la lista $20 Lorem fistrum por la gloria de mi madre esse jarl aliqua llevame al sircoo. [&hellip;]\" \/>\n<meta property=\"og:url\" content=\"https:\/\/linkscard.pro\/en\/carta-el-buen-comer\/\" \/>\n<meta property=\"og:site_name\" content=\"LinksCard.pro\" \/>\n<meta property=\"article:publisher\" content=\"http:\/\/facebook.com\/linkscard.pro\" \/>\n<meta property=\"article:modified_time\" content=\"2024-10-02T21:02:47+00:00\" \/>\n<meta property=\"og:image\" content=\"https:\/\/linkscard.pro\/wp-content\/uploads\/2024\/09\/PHOTO-2023-01-24-10-07-37-1024x682.jpg\" \/>\n<meta name=\"twitter:card\" content=\"summary_large_image\" \/>\n<script type=\"application\/ld+json\" class=\"yoast-schema-graph\">{\"@context\":\"https:\\\/\\\/schema.org\",\"@graph\":[{\"@type\":\"WebPage\",\"@id\":\"https:\\\/\\\/linkscard.pro\\\/carta-el-buen-comer\\\/\",\"url\":\"https:\\\/\\\/linkscard.pro\\\/carta-el-buen-comer\\\/\",\"name\":\"Carta El Buen Comer - LinksCard.pro\",\"isPartOf\":{\"@id\":\"https:\\\/\\\/linkscard.pro\\\/#website\"},\"primaryImageOfPage\":{\"@id\":\"https:\\\/\\\/linkscard.pro\\\/carta-el-buen-comer\\\/#primaryimage\"},\"image\":{\"@id\":\"https:\\\/\\\/linkscard.pro\\\/carta-el-buen-comer\\\/#primaryimage\"},\"thumbnailUrl\":\"https:\\\/\\\/linkscard.pro\\\/wp-content\\\/uploads\\\/2024\\\/09\\\/PHOTO-2023-01-24-10-07-37-1024x682.jpg\",\"datePublished\":\"2024-10-02T20:47:34+00:00\",\"dateModified\":\"2024-10-02T21:02:47+00:00\",\"breadcrumb\":{\"@id\":\"https:\\\/\\\/linkscard.pro\\\/carta-el-buen-comer\\\/#breadcrumb\"},\"inLanguage\":\"en-GB\",\"potentialAction\":[{\"@type\":\"ReadAction\",\"target\":[\"https:\\\/\\\/linkscard.pro\\\/carta-el-buen-comer\\\/\"]}]},{\"@type\":\"ImageObject\",\"inLanguage\":\"en-GB\",\"@id\":\"https:\\\/\\\/linkscard.pro\\\/carta-el-buen-comer\\\/#primaryimage\",\"url\":\"https:\\\/\\\/linkscard.pro\\\/wp-content\\\/uploads\\\/2024\\\/09\\\/PHOTO-2023-01-24-10-07-37-1024x682.jpg\",\"contentUrl\":\"https:\\\/\\\/linkscard.pro\\\/wp-content\\\/uploads\\\/2024\\\/09\\\/PHOTO-2023-01-24-10-07-37-1024x682.jpg\"},{\"@type\":\"BreadcrumbList\",\"@id\":\"https:\\\/\\\/linkscard.pro\\\/carta-el-buen-comer\\\/#breadcrumb\",\"itemListElement\":[{\"@type\":\"ListItem\",\"position\":1,\"name\":\"Portada\",\"item\":\"https:\\\/\\\/linkscard.pro\\\/\"},{\"@type\":\"ListItem\",\"position\":2,\"name\":\"Carta El Buen Comer\"}]},{\"@type\":\"WebSite\",\"@id\":\"https:\\\/\\\/linkscard.pro\\\/#website\",\"url\":\"https:\\\/\\\/linkscard.pro\\\/\",\"name\":\"LinksCard.pro\",\"description\":\"Conecta y Crece F\u00e1cilmente\",\"publisher\":{\"@id\":\"https:\\\/\\\/linkscard.pro\\\/#organization\"},\"potentialAction\":[{\"@type\":\"SearchAction\",\"target\":{\"@type\":\"EntryPoint\",\"urlTemplate\":\"https:\\\/\\\/linkscard.pro\\\/?s={search_term_string}\"},\"query-input\":{\"@type\":\"PropertyValueSpecification\",\"valueRequired\":true,\"valueName\":\"search_term_string\"}}],\"inLanguage\":\"en-GB\"},{\"@type\":\"Organization\",\"@id\":\"https:\\\/\\\/linkscard.pro\\\/#organization\",\"name\":\"LinksCard\",\"url\":\"https:\\\/\\\/linkscard.pro\\\/\",\"logo\":{\"@type\":\"ImageObject\",\"inLanguage\":\"en-GB\",\"@id\":\"https:\\\/\\\/linkscard.pro\\\/#\\\/schema\\\/logo\\\/image\\\/\",\"url\":\"https:\\\/\\\/linkscard.pro\\\/wp-content\\\/uploads\\\/2024\\\/06\\\/LinksCard_Hor-Logo-WhtBG-1-e1718047002378.png\",\"contentUrl\":\"https:\\\/\\\/linkscard.pro\\\/wp-content\\\/uploads\\\/2024\\\/06\\\/LinksCard_Hor-Logo-WhtBG-1-e1718047002378.png\",\"width\":626,\"height\":176,\"caption\":\"LinksCard\"},\"image\":{\"@id\":\"https:\\\/\\\/linkscard.pro\\\/#\\\/schema\\\/logo\\\/image\\\/\"},\"sameAs\":[\"http:\\\/\\\/facebook.com\\\/linkscard.pro\",\"https:\\\/\\\/www.instagram.com\\\/linkscard.pro\\\/\",\"https:\\\/\\\/www.linkedin.com\\\/company\\\/linkscard\"]}]}<\/script>\n<!-- \/ Yoast SEO plugin. -->","yoast_head_json":{"title":"Carta El Buen Comer - LinksCard.pro","robots":{"index":"index","follow":"follow","max-snippet":"max-snippet:-1","max-image-preview":"max-image-preview:large","max-video-preview":"max-video-preview:-1"},"canonical":"https:\/\/linkscard.pro\/en\/carta-el-buen-comer\/","og_locale":"en_GB","og_type":"article","og_title":"Carta El Buen Comer - LinksCard.pro","og_description":"El Buen Comer A\u00f1ade aqu\u00ed tu texto de cabecera Lorem fistrum por la gloria de mi madre esse jarl aliqua llevame al sircoo. De la pradera ullamco qu\u00e9 dise usteer est\u00e1 la cosa muy malar. Primer art\u00edculo de la lista $20 Lorem fistrum por la gloria de mi madre esse jarl aliqua llevame al sircoo. [&hellip;]","og_url":"https:\/\/linkscard.pro\/en\/carta-el-buen-comer\/","og_site_name":"LinksCard.pro","article_publisher":"http:\/\/facebook.com\/linkscard.pro","article_modified_time":"2024-10-02T21:02:47+00:00","og_image":[{"url":"https:\/\/linkscard.pro\/wp-content\/uploads\/2024\/09\/PHOTO-2023-01-24-10-07-37-1024x682.jpg","type":"","width":"","height":""}],"twitter_card":"summary_large_image","schema":{"@context":"https:\/\/schema.org","@graph":[{"@type":"WebPage","@id":"https:\/\/linkscard.pro\/carta-el-buen-comer\/","url":"https:\/\/linkscard.pro\/carta-el-buen-comer\/","name":"Carta El Buen Comer - LinksCard.pro","isPartOf":{"@id":"https:\/\/linkscard.pro\/#website"},"primaryImageOfPage":{"@id":"https:\/\/linkscard.pro\/carta-el-buen-comer\/#primaryimage"},"image":{"@id":"https:\/\/linkscard.pro\/carta-el-buen-comer\/#primaryimage"},"thumbnailUrl":"https:\/\/linkscard.pro\/wp-content\/uploads\/2024\/09\/PHOTO-2023-01-24-10-07-37-1024x682.jpg","datePublished":"2024-10-02T20:47:34+00:00","dateModified":"2024-10-02T21:02:47+00:00","breadcrumb":{"@id":"https:\/\/linkscard.pro\/carta-el-buen-comer\/#breadcrumb"},"inLanguage":"en-GB","potentialAction":[{"@type":"ReadAction","target":["https:\/\/linkscard.pro\/carta-el-buen-comer\/"]}]},{"@type":"ImageObject","inLanguage":"en-GB","@id":"https:\/\/linkscard.pro\/carta-el-buen-comer\/#primaryimage","url":"https:\/\/linkscard.pro\/wp-content\/uploads\/2024\/09\/PHOTO-2023-01-24-10-07-37-1024x682.jpg","contentUrl":"https:\/\/linkscard.pro\/wp-content\/uploads\/2024\/09\/PHOTO-2023-01-24-10-07-37-1024x682.jpg"},{"@type":"BreadcrumbList","@id":"https:\/\/linkscard.pro\/carta-el-buen-comer\/#breadcrumb","itemListElement":[{"@type":"ListItem","position":1,"name":"Portada","item":"https:\/\/linkscard.pro\/"},{"@type":"ListItem","position":2,"name":"Carta El Buen Comer"}]},{"@type":"WebSite","@id":"https:\/\/linkscard.pro\/#website","url":"https:\/\/linkscard.pro\/","name":"LinksCard.pro","description":"Conecta y Crece F\u00e1cilmente","publisher":{"@id":"https:\/\/linkscard.pro\/#organization"},"potentialAction":[{"@type":"SearchAction","target":{"@type":"EntryPoint","urlTemplate":"https:\/\/linkscard.pro\/?s={search_term_string}"},"query-input":{"@type":"PropertyValueSpecification","valueRequired":true,"valueName":"search_term_string"}}],"inLanguage":"en-GB"},{"@type":"Organization","@id":"https:\/\/linkscard.pro\/#organization","name":"LinksCard","url":"https:\/\/linkscard.pro\/","logo":{"@type":"ImageObject","inLanguage":"en-GB","@id":"https:\/\/linkscard.pro\/#\/schema\/logo\/image\/","url":"https:\/\/linkscard.pro\/wp-content\/uploads\/2024\/06\/LinksCard_Hor-Logo-WhtBG-1-e1718047002378.png","contentUrl":"https:\/\/linkscard.pro\/wp-content\/uploads\/2024\/06\/LinksCard_Hor-Logo-WhtBG-1-e1718047002378.png","width":626,"height":176,"caption":"LinksCard"},"image":{"@id":"https:\/\/linkscard.pro\/#\/schema\/logo\/image\/"},"sameAs":["http:\/\/facebook.com\/linkscard.pro","https:\/\/www.instagram.com\/linkscard.pro\/","https:\/\/www.linkedin.com\/company\/linkscard"]}]}},"_links":{"self":[{"href":"https:\/\/linkscard.pro\/en\/wp-json\/wp\/v2\/pages\/4115","targetHints":{"allow":["GET"]}}],"collection":[{"href":"https:\/\/linkscard.pro\/en\/wp-json\/wp\/v2\/pages"}],"about":[{"href":"https:\/\/linkscard.pro\/en\/wp-json\/wp\/v2\/types\/page"}],"author":[{"embeddable":true,"href":"https:\/\/linkscard.pro\/en\/wp-json\/wp\/v2\/users\/1"}],"replies":[{"embeddable":true,"href":"https:\/\/linkscard.pro\/en\/wp-json\/wp\/v2\/comments?post=4115"}],"version-history":[{"count":23,"href":"https:\/\/linkscard.pro\/en\/wp-json\/wp\/v2\/pages\/4115\/revisions"}],"predecessor-version":[{"id":4138,"href":"https:\/\/linkscard.pro\/en\/wp-json\/wp\/v2\/pages\/4115\/revisions\/4138"}],"wp:attachment":[{"href":"https:\/\/linkscard.pro\/en\/wp-json\/wp\/v2\/media?parent=4115"}],"curies":[{"name":"wp","href":"https:\/\/api.w.org\/{rel}","templated":true}]}}